{"id":7145,"date":"2025-09-26T15:43:14","date_gmt":"2025-09-26T13:43:14","guid":{"rendered":"https:\/\/intercommerce.si\/izdelek\/axro-md-35-60-xl-buendelmaschine-mit-gummiband\/"},"modified":"2025-09-26T15:43:14","modified_gmt":"2025-09-26T13:43:14","slug":"axro-md-35-60-xl-buendelmaschine-mit-gummiband","status":"publish","type":"product","link":"https:\/\/intercommerce.si\/de\/produkt\/axro-md-35-60-xl-buendelmaschine-mit-gummiband\/","title":{"rendered":"AXRO MD 35\/60 XL \u2013 B\u00fcndelmaschine mit Gummiband"},"content":{"rendered":"<p data-start=\"455\" data-end=\"705\"><strong data-start=\"455\" data-end=\"475\">AXRO MD 35\/60 XL<\/strong> ist eine robuste und zuverl\u00e4ssige B\u00fcndelmaschine mit Gummiband, entwickelt f\u00fcr das B\u00fcndeln von Produkten gr\u00f6\u00dferer Abmessungen. Sie verwendet die bew\u00e4hrte <strong data-start=\"592\" data-end=\"620\">AXRO Knotentechnologie<\/strong>, die seit Jahrzehnten hohe Effizienz und niedrige Wartungskosten gew\u00e4hrleistet. <\/p>\n<p data-start=\"707\" data-end=\"866\">Er eignet sich f\u00fcr Branchen, in denen <strong data-start=\"749\" data-end=\"776\">lange und hohe Produkte<\/strong> geb\u00fcndelt werden, z.B. in der Blumenindustrie, beim Verpacken von Teppichen, Kabeln, Kartons und anderen Produkten. <\/p>\n<h3 data-start=\"868\" data-end=\"891\">Hauptvorteile:<\/h3>\n<ul>\n<li data-start=\"894\" data-end=\"993\"><strong data-start=\"894\" data-end=\"918\">Hohe Flexibilit\u00e4t<\/strong> \u2013 Durchlasstiefe bis zu 350 mm (MD35) oder 600 mm (MD60), H\u00f6he bis zu 300 mm.<\/li>\n<li data-start=\"996\" data-end=\"1058\"><strong data-start=\"996\" data-end=\"1022\">Geschwindigkeit und Leistung<\/strong> \u2013 bis zu 3.500 Takte\/Stunde (\u2248 60\/Min.).<\/li>\n<li data-start=\"1061\" data-end=\"1148\"><strong data-start=\"1061\" data-end=\"1081\">Robuste Bauweise<\/strong> \u2013 geeignet f\u00fcr den Dauerbetrieb, mit minimalem Wartungsaufwand.<\/li>\n<li data-start=\"1151\" data-end=\"1217\"><strong data-start=\"1151\" data-end=\"1169\">Leiser Betrieb<\/strong> \u2013 geringer Ger\u00e4uschpegel, angenehme Arbeitsumgebung.<\/li>\n<li data-start=\"1220\" data-end=\"1321\"><strong data-start=\"1220\" data-end=\"1244\">Integration in Linien<\/strong> \u2013 Anschlussm\u00f6glichkeit an PLC, Fotozelle, Laserzelle oder Fu\u00dfschalter.<\/li>\n<li data-start=\"1324\" data-end=\"1452\"><strong data-start=\"1324\" data-end=\"1354\">Vielf\u00e4ltiges Verbrauchsmaterial<\/strong> \u2013 kompatibel mit <strong data-start=\"1372\" data-end=\"1406\">Cylastic PES, PCs 1300, PE, 3K<\/strong> und optional lebensmittelzugelassenen Gummib\u00e4ndern.<\/li>\n<\/ul>\n<p data-start=\"1454\" data-end=\"1538\">Ergebnis: <strong data-start=\"1464\" data-end=\"1521\">schnelleres B\u00fcndeln, geringere Kosten und h\u00f6here Sicherheit<\/strong> in der Produktion.<\/p>\n","protected":false},"excerpt":{"rendered":"<strong data-start=\"154\" data-end=\"174\">AXRO MD 35\/60 XL<\/strong> ist eine vielseitige B\u00fcndelmaschine mit Gummiband f\u00fcr l\u00e4ngere und h\u00f6here Produkte. Mit einer Durchlasstiefe von bis zu <strong data-start=\"270\" data-end=\"287\">350 mm (MD35)<\/strong> oder <strong data-start=\"292\" data-end=\"309\">600 mm (MD60)<\/strong> sowie einer H\u00f6he von bis zu <strong data-start=\"324\" data-end=\"334\">300 mm<\/strong> erm\u00f6glicht sie schnelles, leises und zuverl\u00e4ssiges B\u00fcndeln in verschiedenen Industrien. ","protected":false},"featured_media":7042,"template":"","meta":{"_acf_changed":false,"inline_featured_image":false},"product_cat":[1813,1818,1829,1827,1830],"product_tag":[],"class_list":{"0":"post-7145","1":"product","2":"type-product","3":"status-publish","4":"has-post-thumbnail","6":"product_cat-artikel","7":"product_cat-verpackungsmaschinen-und-gerate","8":"product_cat-maschinen","9":"product_cat-umreifungsmaschinen","10":"product_cat-elastikbinder","12":"first","13":"instock","14":"taxable","15":"shipping-taxable","16":"product-type-simple"},"acf":[],"gallery_images":[7043,7046,7049,7052],"_links":{"self":[{"href":"https:\/\/intercommerce.si\/de\/wp-json\/wp\/v2\/product\/7145","targetHints":{"allow":["GET"]}}],"collection":[{"href":"https:\/\/intercommerce.si\/de\/wp-json\/wp\/v2\/product"}],"about":[{"href":"https:\/\/intercommerce.si\/de\/wp-json\/wp\/v2\/types\/product"}],"wp:featuredmedia":[{"embeddable":true,"href":"https:\/\/intercommerce.si\/de\/wp-json\/wp\/v2\/media\/7042"}],"wp:attachment":[{"href":"https:\/\/intercommerce.si\/de\/wp-json\/wp\/v2\/media?parent=7145"}],"wp:term":[{"taxonomy":"product_cat","embeddable":true,"href":"https:\/\/intercommerce.si\/de\/wp-json\/wp\/v2\/product_cat?post=7145"},{"taxonomy":"product_tag","embeddable":true,"href":"https:\/\/intercommerce.si\/de\/wp-json\/wp\/v2\/product_tag?post=7145"}],"curies":[{"name":"wp","href":"https:\/\/api.w.org\/{rel}","templated":true}]}}