{"id":7143,"date":"2025-09-26T08:58:19","date_gmt":"2025-09-26T06:58:19","guid":{"rendered":"https:\/\/intercommerce.si\/izdelek\/axro-in-2-elastikbinder\/"},"modified":"2025-09-26T08:58:19","modified_gmt":"2025-09-26T06:58:19","slug":"axro-in-2-elastikbinder","status":"publish","type":"product","link":"https:\/\/intercommerce.si\/de\/produkt\/axro-in-2-elastikbinder\/","title":{"rendered":"AXRO IN-2 \u2013 Elastikbinder"},"content":{"rendered":"<p data-start=\"419\" data-end=\"677\"><strong data-start=\"419\" data-end=\"432\">Der AXRO IN-2<\/strong> ist ein professioneller <strong data-start=\"450\" data-end=\"468\">Elastikbinder<\/strong>, speziell entwickelt zum B\u00fcndeln ringf\u00f6rmiger Produkte wie Kabel, Dr\u00e4hte und Spulen. Dank der bew\u00e4hrten AXRO Greif- und Knotentechnologie gew\u00e4hrleistet die Maschine einen <strong data-start=\"625\" data-end=\"674\">zuverl\u00e4ssigen, robusten und langlebigen Betrieb<\/strong>. <\/p>\n<h3 data-start=\"679\" data-end=\"702\">Hauptvorteile:<\/h3>\n<ul>\n<li data-start=\"705\" data-end=\"775\"><strong data-start=\"705\" data-end=\"735\">F\u00fcr kleine Innendurchmesser<\/strong> \u2013 B\u00fcndeln von Produkten ab \u00d8 35 mm.<\/li>\n<li data-start=\"778\" data-end=\"845\"><strong data-start=\"778\" data-end=\"797\">Schneller Betrieb<\/strong> \u2013 bis zu 75 Zyklen\/Minute bzw. bis zu 4.500 St\u00fcck\/Stunde. <\/li>\n<li data-start=\"848\" data-end=\"942\"><strong data-start=\"848\" data-end=\"878\">Flexible Automatisierung<\/strong> \u2013 erh\u00e4ltlich in <strong data-start=\"892\" data-end=\"931\">automatischer oder vollautomatischer<\/strong> Ausf\u00fchrung.<\/li>\n<li data-start=\"945\" data-end=\"1035\"><strong data-start=\"945\" data-end=\"966\">Einfache Bedienung<\/strong> \u2013 Steuerung \u00fcber Fu\u00dfschalter (optional Lichtschranke oder SPS).<\/li>\n<li data-start=\"1038\" data-end=\"1111\"><strong data-start=\"1038\" data-end=\"1063\">Minimaler Wartungsaufwand<\/strong> \u2013 geringe Betriebskosten, hohe Zuverl\u00e4ssigkeit.<\/li>\n<li data-start=\"1114\" data-end=\"1187\"><strong data-start=\"1114\" data-end=\"1129\">Integration<\/strong> \u2013 einfache Integration in bestehende Produktionslinien.<\/li>\n<li data-start=\"1190\" data-end=\"1273\"><strong data-start=\"1190\" data-end=\"1213\">Sicher und effizient<\/strong> \u2013 zum besch\u00e4digungsfreien B\u00fcndeln ringf\u00f6rmiger Produkte.<\/li>\n<\/ul>\n<p data-start=\"1275\" data-end=\"1447\">Der AXRO IN-2 ist ideal f\u00fcr Produktionsumgebungen, in denen <strong data-start=\"1335\" data-end=\"1378\">hohe Geschwindigkeit, Wiederholgenauigkeit und Sicherheit<\/strong> erforderlich sind \u2013 von der Elektroindustrie \u00fcber die Logistik bis hin zur Verpackung von Wickelg\u00fctern.<\/p>\n<p data-start=\"1275\" data-end=\"1447\"><strong data-start=\"2277\" data-end=\"2288\">Optionen:<\/strong> Untergestell, I\/O-Anschluss f\u00fcr Signalaustausch, Erkennung des Bandendes, nahezu leere Spulen, Nadelposition in \u201eHome\u201c-Stellung, Tischschalter.<\/p>\n","protected":false},"excerpt":{"rendered":"<strong data-start=\"91\" data-end=\"104\">Der AXRO IN-2<\/strong> ist eine spezialisierte Maschine zum B\u00fcndeln ringf\u00f6rmiger Produkte (z. B. Elektrokabel) mit einem Innendurchmesser von bereits <strong data-start=\"190\" data-end=\"199\">35 mm<\/strong>. Mit einer Kapazit\u00e4t von bis zu <strong data-start=\"220\" data-end=\"240\">75 Zyklen\/Minute<\/strong> ist er ideal f\u00fcr Kabel, Dr\u00e4hte und Wickelg\u00fcter. Er erm\u00f6glicht eine einfache Bedienung, minimalen Wartungsaufwand und die Integration in automatische Linien.  ","protected":false},"featured_media":6985,"template":"","meta":{"_acf_changed":false,"inline_featured_image":false},"product_cat":[1813,1818,1829,1827,1830],"product_tag":[],"class_list":{"0":"post-7143","1":"product","2":"type-product","3":"status-publish","4":"has-post-thumbnail","6":"product_cat-artikel","7":"product_cat-verpackungsmaschinen-und-gerate","8":"product_cat-maschinen","9":"product_cat-umreifungsmaschinen","10":"product_cat-elastikbinder","12":"first","13":"instock","14":"taxable","15":"shipping-taxable","16":"product-type-simple"},"acf":[],"gallery_images":[6974,6977,6980,6986],"_links":{"self":[{"href":"https:\/\/intercommerce.si\/de\/wp-json\/wp\/v2\/product\/7143","targetHints":{"allow":["GET"]}}],"collection":[{"href":"https:\/\/intercommerce.si\/de\/wp-json\/wp\/v2\/product"}],"about":[{"href":"https:\/\/intercommerce.si\/de\/wp-json\/wp\/v2\/types\/product"}],"wp:featuredmedia":[{"embeddable":true,"href":"https:\/\/intercommerce.si\/de\/wp-json\/wp\/v2\/media\/6985"}],"wp:attachment":[{"href":"https:\/\/intercommerce.si\/de\/wp-json\/wp\/v2\/media?parent=7143"}],"wp:term":[{"taxonomy":"product_cat","embeddable":true,"href":"https:\/\/intercommerce.si\/de\/wp-json\/wp\/v2\/product_cat?post=7143"},{"taxonomy":"product_tag","embeddable":true,"href":"https:\/\/intercommerce.si\/de\/wp-json\/wp\/v2\/product_tag?post=7143"}],"curies":[{"name":"wp","href":"https:\/\/api.w.org\/{rel}","templated":true}]}}