{"id":7141,"date":"2025-09-25T14:11:10","date_gmt":"2025-09-25T12:11:10","guid":{"rendered":"https:\/\/intercommerce.si\/izdelek\/ampag-speed-tr-hochgeschwindigkeits-automaten-umreifungsmaschine\/"},"modified":"2025-09-25T14:11:10","modified_gmt":"2025-09-25T12:11:10","slug":"ampag-speed-tr-hochgeschwindigkeits-automaten-umreifungsmaschine","status":"publish","type":"product","link":"https:\/\/intercommerce.si\/de\/produkt\/ampag-speed-tr-hochgeschwindigkeits-automaten-umreifungsmaschine\/","title":{"rendered":"Ampag Speed TR \u2013 Hochgeschwindigkeits-Automaten-Umreifungsmaschine"},"content":{"rendered":"<p data-start=\"79\" data-end=\"521\">Der <strong data-start=\"79\" data-end=\"102\">Ampag Speed Transit<\/strong> ist eine vollautomatische Umreifungsmaschine, die speziell f\u00fcr Hochgeschwindigkeitsumreifungen entwickelt wurde. Sie erreicht bis zu <strong data-start=\"206\" data-end=\"233\">65 Umreifungen pro Minute<\/strong> und l\u00e4sst sich einfach in vollautomatische Produktionslinien integrieren. Die Bandspannung ist einstellbar, die Maschine verf\u00fcgt \u00fcber ein <strong data-start=\"351\" data-end=\"385\">sensor\u00fcberwachtes Schwei\u00dfsystem<\/strong> (\u00fcber einen Sensor im Arbeitstisch) und die Geschwindigkeit des F\u00f6rderbandes ist ebenfalls einstellbar. Dank der R\u00e4der ist die Maschine leicht zu bewegen.   <\/p>\n<p data-start=\"523\" data-end=\"539\"><strong data-start=\"523\" data-end=\"537\">Vorteile:<\/strong><\/p>\n<ul>\n<li data-start=\"542\" data-end=\"570\">Bis zu 65 Umreifungen pro Minute<\/li>\n<li data-start=\"573\" data-end=\"601\">Einstellbare Bandspannung<\/li>\n<li data-start=\"604\" data-end=\"650\">Automatische Aussonderung von falsch eingelegten B\u00e4ndern<\/li>\n<li data-start=\"653\" data-end=\"711\">Bandsensor mit automatischem Auswurf und Zuf\u00fchrung<\/li>\n<li data-start=\"714\" data-end=\"765\">Stufenlos einstellbare F\u00f6rderbandgeschwindigkeit<\/li>\n<li data-start=\"768\" data-end=\"816\">Breites F\u00f6rderband f\u00fcr schmale und leichte Produkte<\/li>\n<\/ul>\n<p data-start=\"818\" data-end=\"831\"><strong data-start=\"818\" data-end=\"829\">Optionen:<\/strong><\/p>\n<ul>\n<li data-start=\"834\" data-end=\"848\">Inox Ausf\u00fchrung<\/li>\n<li data-start=\"851\" data-end=\"872\">F\u00f6rderb\u00e4nder<\/li>\n<li data-start=\"875\" data-end=\"910\">Siemens-Bildschirm-Touchpanel<\/li>\n<li data-start=\"913\" data-end=\"940\">Kommunikationsanschluss<\/li>\n<\/ul>\n<p data-start=\"942\" data-end=\"971\"><strong data-start=\"942\" data-end=\"969\">Technische Spezifikationen:<\/strong><\/p>\n<ul>\n<li data-start=\"974\" data-end=\"1005\">Geschwindigkeit: bis zu 65 Umreifungen\/min<\/li>\n<li data-start=\"1008\" data-end=\"1033\">Band: PP 5, 9 oder 12 mm<\/li>\n<li data-start=\"1036\" data-end=\"1091\">Paketabmessungen: min. 120 \u00d7 10 mm, max. 600 \u00d7 450 mm <\/li>\n<li data-start=\"1094\" data-end=\"1117\">Paketgewicht: bis zu 35 kg<\/li>\n<li data-start=\"1120\" data-end=\"1176\">Spule: Kern 200 mm, Au\u00dfen-\u00d8 420 mm, Breite 190 mm<\/li>\n<li data-start=\"1179\" data-end=\"1217\">Bandspannung: einstellbar bis 450 N<\/li>\n<li data-start=\"1220\" data-end=\"1252\">Verbindung: Thermisches Schwei\u00dfen<\/li>\n<li data-start=\"1255\" data-end=\"1282\">Tischh\u00f6he: 800 \u2013 900 mm<\/li>\n<li data-start=\"1285\" data-end=\"1306\">Aufw\u00e4rmzeit: 25 s<\/li>\n<li data-start=\"1309\" data-end=\"1344\">Transportgeschwindigkeit: 10 \u2013 60 m\/min<\/li>\n<li data-start=\"1347\" data-end=\"1368\">Maschinengewicht: 225 kg<\/li>\n<li data-start=\"1371\" data-end=\"1404\">Stromversorgung: 230 V, 1 Phase, 50 Hz<\/li>\n<\/ul>\n","protected":false},"excerpt":{"rendered":"<p data-start=\"74\" data-end=\"317\">Ampag Speed Transit ist eine vollautomatische Hochgeschwindigkeitsmaschine zum Umreifen von Paketen mit <strong data-start=\"1519\" data-end=\"1532\">PP-Band<\/strong>, die bis zu <strong data-start=\"1547\" data-end=\"1570\">65 Zyklen pro Minute<\/strong> erreicht. Sie eignet sich f\u00fcr die Integration in automatische Produktionslinien, erm\u00f6glicht eine einstellbare Bandspannung und F\u00f6rdergeschwindigkeit und verf\u00fcgt \u00fcber einen Sensor zur Band\u00fcberwachung. Es sind verschiedene Optionen erh\u00e4ltlich, wie z. B. eine Edelstahlausf\u00fchrung, zus\u00e4tzliche F\u00f6rderb\u00e4nder und ein Siemens-Touchscreen.  <\/p>","protected":false},"featured_media":6932,"template":"","meta":{"_acf_changed":false,"inline_featured_image":false},"product_cat":[1813,1818,1827,1828],"product_tag":[],"class_list":{"0":"post-7141","1":"product","2":"type-product","3":"status-publish","4":"has-post-thumbnail","6":"product_cat-artikel","7":"product_cat-verpackungsmaschinen-und-gerate","8":"product_cat-umreifungsmaschinen","9":"product_cat-umreifungsgerate-fur-pp-pet-band","11":"first","12":"instock","13":"taxable","14":"shipping-taxable","15":"product-type-simple"},"acf":[],"gallery_images":[6941,6944,6938,6935],"_links":{"self":[{"href":"https:\/\/intercommerce.si\/de\/wp-json\/wp\/v2\/product\/7141","targetHints":{"allow":["GET"]}}],"collection":[{"href":"https:\/\/intercommerce.si\/de\/wp-json\/wp\/v2\/product"}],"about":[{"href":"https:\/\/intercommerce.si\/de\/wp-json\/wp\/v2\/types\/product"}],"wp:featuredmedia":[{"embeddable":true,"href":"https:\/\/intercommerce.si\/de\/wp-json\/wp\/v2\/media\/6932"}],"wp:attachment":[{"href":"https:\/\/intercommerce.si\/de\/wp-json\/wp\/v2\/media?parent=7141"}],"wp:term":[{"taxonomy":"product_cat","embeddable":true,"href":"https:\/\/intercommerce.si\/de\/wp-json\/wp\/v2\/product_cat?post=7141"},{"taxonomy":"product_tag","embeddable":true,"href":"https:\/\/intercommerce.si\/de\/wp-json\/wp\/v2\/product_tag?post=7141"}],"curies":[{"name":"wp","href":"https:\/\/api.w.org\/{rel}","templated":true}]}}