{"id":7139,"date":"2025-09-16T17:23:16","date_gmt":"2025-09-16T15:23:16","guid":{"rendered":"https:\/\/intercommerce.si\/izdelek\/antistatische-beutel\/"},"modified":"2025-09-16T17:23:16","modified_gmt":"2025-09-16T15:23:16","slug":"antistatische-beutel","status":"publish","type":"product","link":"https:\/\/intercommerce.si\/de\/produkt\/antistatische-beutel\/","title":{"rendered":"Antistatische Beutel"},"content":{"rendered":"","protected":false},"excerpt":{"rendered":"Antistatische Beutel sind normalerweise rosa, sie sind auch unter dem Namen \u201ePink Antistatic Bags\u201c bekannt.\n\n<strong>Funktion:<\/strong> Sie verhindern die Ansammlung statischer Elektrizit\u00e4t auf der Oberfl\u00e4che des Beutels selbst.\n<strong>Schutz:<\/strong> Sie sch\u00fctzen nicht vor externen ESD-Impulsen \u2013 wenn es also au\u00dferhalb des Beutels zu einer Entladung kommt, ist der Inhalt nicht gesch\u00fctzt. Verwendung: zur Aufbewahrung oder zum Transport weniger empfindlicher Komponenten (Kunststoffteile, Geh\u00e4use, Kabelkonfektionen). \n<strong>Ausf\u00fchrung:<\/strong> normalerweise aus antistatisch behandeltem Polyethylen, ohne Metallschicht.","protected":false},"featured_media":6830,"template":"","meta":{"_acf_changed":false,"inline_featured_image":false},"product_cat":[1813,1823,1824,1817],"product_tag":[],"class_list":{"0":"post-7139","1":"product","2":"type-product","3":"status-publish","4":"has-post-thumbnail","6":"product_cat-artikel","7":"product_cat-verpackungsmaterialien","8":"product_cat-schutz-von-produkten-und-fullmaterial","9":"product_cat-antistatischer-schutz-elektronischer-bauteile","11":"first","12":"instock","13":"taxable","14":"shipping-taxable","15":"product-type-simple"},"acf":[],"gallery_images":[6821],"_links":{"self":[{"href":"https:\/\/intercommerce.si\/de\/wp-json\/wp\/v2\/product\/7139","targetHints":{"allow":["GET"]}}],"collection":[{"href":"https:\/\/intercommerce.si\/de\/wp-json\/wp\/v2\/product"}],"about":[{"href":"https:\/\/intercommerce.si\/de\/wp-json\/wp\/v2\/types\/product"}],"wp:featuredmedia":[{"embeddable":true,"href":"https:\/\/intercommerce.si\/de\/wp-json\/wp\/v2\/media\/6830"}],"wp:attachment":[{"href":"https:\/\/intercommerce.si\/de\/wp-json\/wp\/v2\/media?parent=7139"}],"wp:term":[{"taxonomy":"product_cat","embeddable":true,"href":"https:\/\/intercommerce.si\/de\/wp-json\/wp\/v2\/product_cat?post=7139"},{"taxonomy":"product_tag","embeddable":true,"href":"https:\/\/intercommerce.si\/de\/wp-json\/wp\/v2\/product_tag?post=7139"}],"curies":[{"name":"wp","href":"https:\/\/api.w.org\/{rel}","templated":true}]}}