{"id":7138,"date":"2025-09-05T15:46:36","date_gmt":"2025-09-05T13:46:36","guid":{"rendered":"https:\/\/intercommerce.si\/izdelek\/esd-beutel\/"},"modified":"2025-09-05T15:46:36","modified_gmt":"2025-09-05T13:46:36","slug":"esd-beutel","status":"publish","type":"product","link":"https:\/\/intercommerce.si\/de\/produkt\/esd-beutel\/","title":{"rendered":"ESD-Beutel"},"content":{"rendered":"","protected":false},"excerpt":{"rendered":"ESD-Beutel sind auch unter dem Namen \u201eStatic Shielding Bags\u201c bekannt.\n\n<strong>Funktion:<\/strong> Sie verhindern den Einfluss elektrostatischer Entladung auf den Inhalt.\n<strong>Schutz:<\/strong> Sie wirken wie ein faradayscher K\u00e4fig (\u00e4u\u00dfere leitf\u00e4hige Schicht) und sch\u00fctzen vor \u00e4u\u00dferen ESD-Einwirkungen, w\u00e4hrend die dissipative Schicht die Ladung kontrolliert ableitet.\n<strong>Verwendung:<\/strong> zum Schutz empfindlicher elektronischer Bauteile wie Mikrochips, Speicher, Prozessoren, Leiterplatten.\n<strong>Ausf\u00fchrung:<\/strong> mehrschichtige Struktur \u2013 typischerweise LDPE\/PET\/Metallisierung\/antistatische Schicht.","protected":false},"featured_media":6826,"template":"","meta":{"_acf_changed":false,"inline_featured_image":false},"product_cat":[1813,1823,1824,1817],"product_tag":[],"class_list":{"0":"post-7138","1":"product","2":"type-product","3":"status-publish","4":"has-post-thumbnail","6":"product_cat-artikel","7":"product_cat-verpackungsmaterialien","8":"product_cat-schutz-von-produkten-und-fullmaterial","9":"product_cat-antistatischer-schutz-elektronischer-bauteile","11":"first","12":"instock","13":"taxable","14":"shipping-taxable","15":"product-type-simple"},"acf":[],"gallery_images":[],"_links":{"self":[{"href":"https:\/\/intercommerce.si\/de\/wp-json\/wp\/v2\/product\/7138","targetHints":{"allow":["GET"]}}],"collection":[{"href":"https:\/\/intercommerce.si\/de\/wp-json\/wp\/v2\/product"}],"about":[{"href":"https:\/\/intercommerce.si\/de\/wp-json\/wp\/v2\/types\/product"}],"wp:featuredmedia":[{"embeddable":true,"href":"https:\/\/intercommerce.si\/de\/wp-json\/wp\/v2\/media\/6826"}],"wp:attachment":[{"href":"https:\/\/intercommerce.si\/de\/wp-json\/wp\/v2\/media?parent=7138"}],"wp:term":[{"taxonomy":"product_cat","embeddable":true,"href":"https:\/\/intercommerce.si\/de\/wp-json\/wp\/v2\/product_cat?post=7138"},{"taxonomy":"product_tag","embeddable":true,"href":"https:\/\/intercommerce.si\/de\/wp-json\/wp\/v2\/product_tag?post=7138"}],"curies":[{"name":"wp","href":"https:\/\/api.w.org\/{rel}","templated":true}]}}