{"id":7137,"date":"2025-03-24T10:58:26","date_gmt":"2025-03-24T09:58:26","guid":{"rendered":"https:\/\/intercommerce.si\/izdelek\/tesa-4970\/"},"modified":"2025-03-24T10:58:26","modified_gmt":"2025-03-24T09:58:26","slug":"tesa-4970","status":"publish","type":"product","link":"https:\/\/intercommerce.si\/de\/produkt\/tesa-4970\/","title":{"rendered":"tesa\u00ae 4970"},"content":{"rendered":"<h3><strong>Eigenschaften:<\/strong><\/h3>\n<ul>\n<li>Hohe Griffigkeit und zuverl\u00e4ssige Verklebung, auch auf Materialien mit geringer Oberfl\u00e4chenenergie.<\/li>\n<li>Sofortige Funktionalit\u00e4t der Klebeverbindung durch ausgezeichnete Anfangshaftung.<\/li>\n<li>Licht- und alterungsbest\u00e4ndiger Acrylatklebstoff f\u00fcr langlebige Anwendungen.<\/li>\n<li>Sehr gute Best\u00e4ndigkeit gegen Weichmacher.<\/li>\n<li>Gute Anpassungsf\u00e4higkeit der PVC-Unterlage, was eine gute Haftung auch auf rauen Oberfl\u00e4chen erm\u00f6glicht.<\/li>\n<\/ul>\n","protected":false},"excerpt":{"rendered":"Der <strong>Tesa\u00ae 4970<\/strong> ist ein wei\u00dfes, doppelseitiges Klebeband aus PVC-Folie mit einer Dicke von 225 \u00b5m und einem hoch haftenden Acrylatklebstoff. Aufgrund seiner au\u00dfergew\u00f6hnlichen Klebkraft eignet es sich f\u00fcr die Montage von schweren Schildern, Werbeaufstellern (POS) und anderen anspruchsvollen Anwendungen. Das Band erm\u00f6glicht eine sofortige Funktionalit\u00e4t nach der Montage und ist best\u00e4ndig gegen Weichmacher, Feuchtigkeit, Alterung, UV-Licht und Chemikalien.  ","protected":false},"featured_media":4146,"template":"","meta":{"_acf_changed":false,"inline_featured_image":false},"product_cat":[1821,1822],"product_tag":[],"class_list":{"0":"post-7137","1":"product","2":"type-product","3":"status-publish","4":"has-post-thumbnail","6":"product_cat-nachhaltige-klebebander-von-tesa","7":"product_cat-montagebander","9":"first","10":"instock","11":"taxable","12":"shipping-taxable","13":"product-type-simple"},"acf":[],"gallery_images":[],"_links":{"self":[{"href":"https:\/\/intercommerce.si\/de\/wp-json\/wp\/v2\/product\/7137","targetHints":{"allow":["GET"]}}],"collection":[{"href":"https:\/\/intercommerce.si\/de\/wp-json\/wp\/v2\/product"}],"about":[{"href":"https:\/\/intercommerce.si\/de\/wp-json\/wp\/v2\/types\/product"}],"wp:featuredmedia":[{"embeddable":true,"href":"https:\/\/intercommerce.si\/de\/wp-json\/wp\/v2\/media\/4146"}],"wp:attachment":[{"href":"https:\/\/intercommerce.si\/de\/wp-json\/wp\/v2\/media?parent=7137"}],"wp:term":[{"taxonomy":"product_cat","embeddable":true,"href":"https:\/\/intercommerce.si\/de\/wp-json\/wp\/v2\/product_cat?post=7137"},{"taxonomy":"product_tag","embeddable":true,"href":"https:\/\/intercommerce.si\/de\/wp-json\/wp\/v2\/product_tag?post=7137"}],"curies":[{"name":"wp","href":"https:\/\/api.w.org\/{rel}","templated":true}]}}