{"id":7136,"date":"2025-03-24T10:50:40","date_gmt":"2025-03-24T09:50:40","guid":{"rendered":"https:\/\/intercommerce.si\/izdelek\/tesa-4959\/"},"modified":"2025-03-24T10:50:40","modified_gmt":"2025-03-24T09:50:40","slug":"tesa-4959","status":"publish","type":"product","link":"https:\/\/intercommerce.si\/de\/produkt\/tesa-4959\/","title":{"rendered":"tesa\u00ae 4959"},"content":{"rendered":"<p><strong>Eigenschaften:<\/strong><\/p>\n<ul>\n<li>Hohe Anfangshaftung und Sch\u00e4lfestigkeit.<\/li>\n<li>Zertifiziert f\u00fcr den Hautkontakt (ISO 10993-5 und ISO 10993-10).<\/li>\n<li>Licht- und alterungsbest\u00e4ndiger Acrylatklebstoff f\u00fcr langlebige Anwendungen.<\/li>\n<li>Sehr gute Klebkraft, auch auf Materialien mit geringer Oberfl\u00e4chenenergie.<\/li>\n<li>Ausgezeichnete Eigenschaften f\u00fcr die Verarbeitung und das Stanzen.<\/li>\n<li>Hohe Anpassungsf\u00e4higkeit durch das Vliesmaterial, das das Verkleben auf anspruchsvollen 3D-Formen erm\u00f6glicht.<\/li>\n<\/ul>\n","protected":false},"excerpt":{"rendered":"tesa\u00ae 4959 ist ein doppelseitiges, transparentes, hochwertiges Klebeband aus Vlies mit einer Dicke von 100 \u00b5m. Das Band eignet sich f\u00fcr die Montage, Laminierung und Verbindung von Materialien, insbesondere f\u00fcr den Einsatz in anspruchsvollen Umgebungen, in denen Best\u00e4ndigkeit gegen Feuchtigkeit, UV-Licht und hohe Temperaturen (bis zu 200 \u00b0C f\u00fcr begrenzte Zeitr\u00e4ume) erforderlich ist. Das Band hat eine hohe Anfangshaftung und eine lange Lebensdauer, wodurch es ideal f\u00fcr verschiedene industrielle Anwendungen ist.  ","protected":false},"featured_media":4144,"template":"","meta":{"_acf_changed":false,"inline_featured_image":false},"product_cat":[1821,1822],"product_tag":[],"class_list":{"0":"post-7136","1":"product","2":"type-product","3":"status-publish","4":"has-post-thumbnail","6":"product_cat-nachhaltige-klebebander-von-tesa","7":"product_cat-montagebander","9":"first","10":"instock","11":"taxable","12":"shipping-taxable","13":"product-type-simple"},"acf":[],"gallery_images":[],"_links":{"self":[{"href":"https:\/\/intercommerce.si\/de\/wp-json\/wp\/v2\/product\/7136","targetHints":{"allow":["GET"]}}],"collection":[{"href":"https:\/\/intercommerce.si\/de\/wp-json\/wp\/v2\/product"}],"about":[{"href":"https:\/\/intercommerce.si\/de\/wp-json\/wp\/v2\/types\/product"}],"wp:featuredmedia":[{"embeddable":true,"href":"https:\/\/intercommerce.si\/de\/wp-json\/wp\/v2\/media\/4144"}],"wp:attachment":[{"href":"https:\/\/intercommerce.si\/de\/wp-json\/wp\/v2\/media?parent=7136"}],"wp:term":[{"taxonomy":"product_cat","embeddable":true,"href":"https:\/\/intercommerce.si\/de\/wp-json\/wp\/v2\/product_cat?post=7136"},{"taxonomy":"product_tag","embeddable":true,"href":"https:\/\/intercommerce.si\/de\/wp-json\/wp\/v2\/product_tag?post=7136"}],"curies":[{"name":"wp","href":"https:\/\/api.w.org\/{rel}","templated":true}]}}