{"id":7135,"date":"2024-10-15T08:19:08","date_gmt":"2024-10-15T06:19:08","guid":{"rendered":"https:\/\/intercommerce.si\/izdelek\/handumreifungsgeraet-fuer-pp-band\/"},"modified":"2024-10-15T08:19:08","modified_gmt":"2024-10-15T06:19:08","slug":"handumreifungsgeraet-fuer-pp-band","status":"publish","type":"product","link":"https:\/\/intercommerce.si\/de\/produkt\/handumreifungsgeraet-fuer-pp-band\/","title":{"rendered":"Handumreifungsger\u00e4t f\u00fcr PP-Band"},"content":{"rendered":"<p>Das Handumreifungsger\u00e4t f\u00fcr PP-B\u00e4nder ist f\u00fcr B\u00e4nder mit einer Breite von 12 mm und 16 mm geeignet. Das Gewicht des Werkzeugs betr\u00e4gt 2,4 kg. <\/p>\n","protected":false},"excerpt":{"rendered":"Das Handumreifungsger\u00e4t f\u00fcr PP-B\u00e4nder ist f\u00fcr B\u00e4nder mit einer Breite von 12 mm und 16 mm geeignet. Das Gewicht des Werkzeugs betr\u00e4gt 2,4 kg. ","protected":false},"featured_media":4878,"template":"","meta":{"_acf_changed":false,"inline_featured_image":false},"product_cat":[1813,1818,1820,1819],"product_tag":[],"class_list":{"0":"post-7135","1":"product","2":"type-product","3":"status-publish","4":"has-post-thumbnail","6":"product_cat-artikel","7":"product_cat-verpackungsmaschinen-und-gerate","8":"product_cat-handgerate-und-zubehor-fur-die-verpackung","9":"product_cat-spanner-und-umreifungsgerate-fur-umreifungsbander","11":"first","12":"instock","13":"taxable","14":"shipping-taxable","15":"product-type-simple"},"acf":[],"gallery_images":[],"_links":{"self":[{"href":"https:\/\/intercommerce.si\/de\/wp-json\/wp\/v2\/product\/7135","targetHints":{"allow":["GET"]}}],"collection":[{"href":"https:\/\/intercommerce.si\/de\/wp-json\/wp\/v2\/product"}],"about":[{"href":"https:\/\/intercommerce.si\/de\/wp-json\/wp\/v2\/types\/product"}],"wp:featuredmedia":[{"embeddable":true,"href":"https:\/\/intercommerce.si\/de\/wp-json\/wp\/v2\/media\/4878"}],"wp:attachment":[{"href":"https:\/\/intercommerce.si\/de\/wp-json\/wp\/v2\/media?parent=7135"}],"wp:term":[{"taxonomy":"product_cat","embeddable":true,"href":"https:\/\/intercommerce.si\/de\/wp-json\/wp\/v2\/product_cat?post=7135"},{"taxonomy":"product_tag","embeddable":true,"href":"https:\/\/intercommerce.si\/de\/wp-json\/wp\/v2\/product_tag?post=7135"}],"curies":[{"name":"wp","href":"https:\/\/api.w.org\/{rel}","templated":true}]}}