{"id":7134,"date":"2024-09-12T10:44:21","date_gmt":"2024-09-12T08:44:21","guid":{"rendered":"https:\/\/intercommerce.si\/izdelek\/luftpolsterbeutel\/"},"modified":"2024-09-12T10:44:21","modified_gmt":"2024-09-12T08:44:21","slug":"luftpolsterbeutel","status":"publish","type":"product","link":"https:\/\/intercommerce.si\/de\/produkt\/luftpolsterbeutel\/","title":{"rendered":"Luftpolsterbeutel"},"content":{"rendered":"","protected":false},"excerpt":{"rendered":"Luftpolsterbeutel bieten hervorragenden Schutz f\u00fcr Produkte vor Besch\u00e4digungen. Die Abmessungen der Beutel fertigen wir nach Kundenwunsch. Zus\u00e4tzlich k\u00f6nnen sie auch antistatischen Schutz bieten.  ","protected":false},"featured_media":4710,"template":"","meta":{"_acf_changed":false,"inline_featured_image":false},"product_cat":[1813,1814,1815,1816,1817],"product_tag":[],"class_list":{"0":"post-7134","1":"product","2":"type-product","3":"status-publish","4":"has-post-thumbnail","6":"product_cat-artikel","7":"product_cat-folien","8":"product_cat-luftpolsterfolien","9":"product_cat-luftpolsterbeutel","10":"product_cat-antistatischer-schutz-elektronischer-bauteile","12":"first","13":"instock","14":"taxable","15":"shipping-taxable","16":"product-type-simple"},"acf":[],"gallery_images":[],"_links":{"self":[{"href":"https:\/\/intercommerce.si\/de\/wp-json\/wp\/v2\/product\/7134","targetHints":{"allow":["GET"]}}],"collection":[{"href":"https:\/\/intercommerce.si\/de\/wp-json\/wp\/v2\/product"}],"about":[{"href":"https:\/\/intercommerce.si\/de\/wp-json\/wp\/v2\/types\/product"}],"wp:featuredmedia":[{"embeddable":true,"href":"https:\/\/intercommerce.si\/de\/wp-json\/wp\/v2\/media\/4710"}],"wp:attachment":[{"href":"https:\/\/intercommerce.si\/de\/wp-json\/wp\/v2\/media?parent=7134"}],"wp:term":[{"taxonomy":"product_cat","embeddable":true,"href":"https:\/\/intercommerce.si\/de\/wp-json\/wp\/v2\/product_cat?post=7134"},{"taxonomy":"product_tag","embeddable":true,"href":"https:\/\/intercommerce.si\/de\/wp-json\/wp\/v2\/product_tag?post=7134"}],"curies":[{"name":"wp","href":"https:\/\/api.w.org\/{rel}","templated":true}]}}