{"id":7119,"date":"2023-05-30T11:15:37","date_gmt":"2023-05-30T09:15:37","guid":{"rendered":"https:\/\/intercommerce.si\/allgemeine-geschaeftsbedingungen\/"},"modified":"2025-09-29T11:44:57","modified_gmt":"2025-09-29T09:44:57","slug":"allgemeine-geschaeftsbedingungen","status":"publish","type":"page","link":"https:\/\/intercommerce.si\/de\/allgemeine-geschaeftsbedingungen\/","title":{"rendered":"Allgemeine Gesch\u00e4ftsbedingungen"},"content":{"rendered":"\t\t<div data-elementor-type=\"wp-page\" data-elementor-id=\"7119\" class=\"elementor elementor-7119 elementor-326\" data-elementor-post-type=\"page\">\n\t\t\t\t<div class=\"elementor-element elementor-element-5b9b494d e-flex e-con-boxed e-con e-parent\" data-id=\"5b9b494d\" data-element_type=\"container\">\n\t\t\t\t\t<div class=\"e-con-inner\">\n\t\t\t\t<div class=\"elementor-element elementor-element-68a14d27 elementor-widget elementor-widget-text-editor\" data-id=\"68a14d27\" data-element_type=\"widget\" data-widget_type=\"text-editor.default\">\n\t\t\t\t<div class=\"elementor-widget-container\">\n\t\t\t\t\t\t\t\t\t<h1><strong>ALLGEMEINE GESCH\u00c4FTSBEDINGUNGEN DER FIRMA INTERCOMMERCE.SI, d.o.o.<\/strong><\/h1><p> <\/p><p><strong>ALLGEMEINE BESTIMMUNGEN<\/strong><\/p><p>Die Allgemeinen Gesch\u00e4ftsbedingungen gelten f\u00fcr die Regelung aller gegenseitigen Beziehungen zwischen der Firma Intercommerce.Si, d.o.o. (im Folgenden Verk\u00e4ufer genannt) und ihren K\u00e4ufern, es sei denn, zwischen dem Verk\u00e4ufer und dem K\u00e4ufer (im Folgenden Parteien genannt) wird ausdr\u00fccklich und schriftlich etwas anderes vereinbart. Die vorliegenden Allgemeinen Gesch\u00e4ftsbedingungen sind Bestandteil jeder Bestellung oder jedes Vertrags. Sie gelten f\u00fcr alle Warenverk\u00e4ufe des Verk\u00e4ufers an einen einzelnen K\u00e4ufer, und zwar ab dem Zeitpunkt der \u00dcbermittlung der Bestellung an den Verk\u00e4ufer, unter der Bedingung der Auftragsbest\u00e4tigung durch den Verk\u00e4ufer. Mit jeder \u00dcbermittlung einer Bestellung an den Verk\u00e4ufer best\u00e4tigt der K\u00e4ufer, dass er mit den vorliegenden Allgemeinen Gesch\u00e4ftsbedingungen vollst\u00e4ndig einverstanden ist, wodurch er best\u00e4tigt, dass f\u00fcr seine Beziehung zum Verk\u00e4ufer die vorliegenden Allgemeinen Gesch\u00e4ftsbedingungen gelten. Alle Beziehungen zwischen den Parteien im Zusammenhang mit einer einzelnen Bestellung werden ausschlie\u00dflich nach den vorliegenden Allgemeinen Gesch\u00e4ftsbedingungen beurteilt. Etwaige einseitige Erkl\u00e4rungen des K\u00e4ufers oder seine Bezugnahme auf eigene oder andere Allgemeine Gesch\u00e4ftsbedingungen sind ung\u00fcltig und haben keine rechtliche Wirkung auf die Beziehung zwischen den Parteien. Diese Allgemeinen Gesch\u00e4ftsbedingungen haben Vorrang vor allen Bestimmungen und Bedingungen, Standards oder anderen Regeln und Bestimmungen des K\u00e4ufers, die in Handelsbr\u00e4uchen, in der Gesch\u00e4fts- oder \u00fcblichen Praxis enthalten sind. Die Parteien k\u00f6nnen \u00c4nderungen dieser Allgemeinen Gesch\u00e4ftsbedingungen f\u00fcr ein einzelnes Gesch\u00e4ft oder eine Beziehung nur durch eine gesonderte gegenseitige schriftliche Vereinbarung vereinbaren, die von den gesetzlichen Vertretern beider Parteien unterzeichnet wird. Die Bestellung und die Auftragsbest\u00e4tigung des Verk\u00e4ufers bilden zusammen mit den vorliegenden Allgemeinen Gesch\u00e4ftsbedingungen den endg\u00fcltigen Kaufvertrag zwischen dem K\u00e4ufer und dem Verk\u00e4ufer und stellen die gesamte Vereinbarung \u00fcber die Bedingungen des Gesch\u00e4fts, die Gew\u00e4hrleistung und andere Bestimmungen dar, die durch die vorliegenden Allgemeinen Gesch\u00e4ftsbedingungen festgelegt werden.        <\/p><p> <\/p><p><strong>VERKAUFSPROGRAMM<\/strong><\/p><p>Die Produktbilder und Informationen auf der Website sind symbolisch und nicht rechtsverbindlich. Der Verk\u00e4ufer beh\u00e4lt sich das Recht vor, das Verkaufsprogramm auf der Website zu \u00e4ndern und \u00fcbernimmt keine Verantwortung f\u00fcr die technischen Eigenschaften der Produkte und deren Anwendungsbereiche, wie sie in der technischen Dokumentation des Herstellers des jeweiligen Produkts festgelegt sind. Der K\u00e4ufer ist verpflichtet, bei der \u00dcbernahme und vor der Inbetriebnahme des Produkts dessen technische Eigenschaften zu \u00fcberpr\u00fcfen und sich zu vergewissern, dass das Produkt f\u00fcr die vorgesehene Art und den Anwendungsbereich geeignet ist. Der Verk\u00e4ufer ist nicht verpflichtet, die technischen und rechtlichen Konformit\u00e4tsanforderungen des K\u00e4ufers zu \u00fcberpr\u00fcfen.   <\/p><p> <\/p><p><strong>BESTELLUNG<\/strong><\/p><p>Die Bestellung oder jede \u00c4nderung derselben muss in schriftlicher Form erfolgen und kann \u00fcber alle Kommunikationskan\u00e4le gesendet werden, die die Parteien \u00fcblicherweise f\u00fcr die gegenseitige Kommunikation verwenden. Der Verk\u00e4ufer verpflichtet sich, die Bestellung innerhalb von drei (3) Werktagen nach Eingang der Bestellung zu best\u00e4tigen. F\u00fcr den Fall, dass der Verk\u00e4ufer die Bestellung des K\u00e4ufers nicht innerhalb von drei (3) Werktagen best\u00e4tigt, gilt die Bestellung als vom Verk\u00e4ufer angenommen und best\u00e4tigt.  <\/p><p> <\/p><p><strong>\u00c4NDERUNGEN DER BESTELLUNG<\/strong><\/p><p>Der K\u00e4ufer kann die Bestellung ohne jegliche Rechtsfolgen \u00e4ndern oder stornieren, solange er vom Verk\u00e4ufer keine Auftragsbest\u00e4tigung erh\u00e4lt, danach ist dies nicht mehr m\u00f6glich.<\/p><p> <\/p><p><strong>LIEFERZEIT<\/strong><\/p><p>Die Lieferzeit vereinbaren die Parteien gegenseitig in schriftlicher Form als Anzahl der Werktage ab Auftragsbest\u00e4tigung. Wenn die Lieferzeit f\u00fcr verschiedene Produkte unterschiedlich ist, m\u00fcssen die Parteien sie mit einer Liste f\u00fcr jedes einzelne Produkt festlegen. Falls der Verk\u00e4ufer von der M\u00f6glichkeit erf\u00e4hrt, dass es zu einer Verz\u00f6gerung bei der Lieferung des bestellten Produkts oder zu einer fehlerhaften Erf\u00fcllung der Verpflichtungen hinsichtlich der Qualit\u00e4t kommen k\u00f6nnte, wird er den K\u00e4ufer unverz\u00fcglich schriftlich dar\u00fcber informieren. In diesem Fall muss der K\u00e4ufer dem Verk\u00e4ufer eine zus\u00e4tzliche angemessene Frist zur Erf\u00fcllung der vertraglichen Verpflichtungen gew\u00e4hren, die jedoch nicht k\u00fcrzer als 30 Tage sein darf. F\u00fcr den Fall, dass der Verk\u00e4ufer auch innerhalb der zus\u00e4tzlichen Frist das bestellte Produkt nicht an den K\u00e4ufer liefern kann, kann dieser vom Vertrag zur\u00fccktreten. F\u00fcr den Fall, dass der K\u00e4ufer beim Verk\u00e4ufer mehrere Produkte bestellt hat und der Verk\u00e4ufer nur bei einem bestimmten Produkt in Verzug ist, kann der K\u00e4ufer nur in dem Teil von der Bestellung zur\u00fccktreten, der sich auf das nicht gelieferte Produkt bezieht.     <\/p><p>In keinem Fall kann der K\u00e4ufer jedoch vom Vertrag zur\u00fccktreten, wenn der Verk\u00e4ufer aufgrund h\u00f6herer Gewalt (sogenannte Force Majeure) in Verzug ist.<\/p><p><strong> <\/strong><\/p><p><strong>SICHERHEITSLAGER<\/strong><\/p><p>F\u00fcr den Fall, dass der Verk\u00e4ufer f\u00fcr den K\u00e4ufer ein Sicherheitslager unterh\u00e4lt, verpflichtet sich der Verk\u00e4ufer, dass dieses dem K\u00e4ufer jederzeit zur Verf\u00fcgung steht. \u00dcber die geforderte Menge des Sicherheitslagers vereinbaren die Parteien eine Vereinbarung in schriftlicher Form. Der K\u00e4ufer verpflichtet sich, dass er im Falle der Beendigung der Bestellung von Produkten, f\u00fcr die der Verk\u00e4ufer f\u00fcr ihn ein Sicherheitslager unterh\u00e4lt, vom Verk\u00e4ufer das gesamte Sicherheitslager der Produkte abkauft, die der Verk\u00e4ufer eigens f\u00fcr ihn auf Lager hatte.  <\/p><p><strong> <\/strong><\/p><p><strong>LIEFERUNG UND \u00dcBERNAHME DER WARE<\/strong><\/p><p>Die Lieferung der Produkte vom Verk\u00e4ufer an den K\u00e4ufer h\u00e4ngt von der vereinbarten Incoterms-Klausel zwischen den Parteien ab. F\u00fcr den Fall, dass der Verk\u00e4ufer f\u00fcr die Lieferung der bestellten Produkte an den K\u00e4ufer verantwortlich ist, ist der K\u00e4ufer verpflichtet, einen ungehinderten Zugang zum Entladeort zu erm\u00f6glichen und die Entladung der Produkte zu gew\u00e4hrleisten. Andernfalls kann der Verk\u00e4ufer dem K\u00e4ufer alle zus\u00e4tzlich entstandenen damit verbundenen Kosten in Rechnung stellen.  <\/p><p>Der Verk\u00e4ufer beh\u00e4lt sich das Recht auf Teillieferungen der bestellten Produkte vor.<\/p><p>Die R\u00fcckgabe der gekauften Produkte durch den K\u00e4ufer an den Verk\u00e4ufer ist nur nach vorheriger schriftlicher Best\u00e4tigung durch den Verk\u00e4ufer m\u00f6glich. Der Verk\u00e4ufer akzeptiert in diesem Fall nur Produkte, die unbesch\u00e4digt und in der Originalverpackung verpackt sind, jedoch in keinem Fall sp\u00e4ter als innerhalb von 15 Tagen nach Lieferung der Produkte an den K\u00e4ufer. Der Verk\u00e4ufer beh\u00e4lt sich in diesem Fall das Recht vor, dem K\u00e4ufer Bearbeitungsgeb\u00fchren f\u00fcr die zur\u00fcckgegebenen Produkte zu berechnen.  <\/p><p>Der K\u00e4ufer ist verpflichtet, dem Verk\u00e4ufer die Paletten zur\u00fcckzugeben, auf denen der Verk\u00e4ufer die Ware an den K\u00e4ufer liefert, wobei der K\u00e4ufer bei der Lieferung der Produkte an den Verk\u00e4ufer Paletten des gleichen Typs und der gleichen Qualit\u00e4t (unbesch\u00e4digt) zur\u00fcckgeben muss. Andernfalls muss der K\u00e4ufer sie auf eigene Kosten zur\u00fcckgeben, jedoch nicht sp\u00e4ter als innerhalb von 30 Tagen nach Lieferung der Produkte. Im Falle der Nichtr\u00fcckgabe der Paletten durch den K\u00e4ufer an den Verk\u00e4ufer, wird der Verk\u00e4ufer sie dem K\u00e4ufer nach der jeweils aktuellen Preisliste in Rechnung stellen.  <\/p><p><strong> <\/strong><\/p><p><strong>ZAHLUNG<\/strong><\/p><p>Der Verk\u00e4ufer berechnet dem K\u00e4ufer jede einzelne Lieferung von Produkten, es sei denn, es ist etwas anderes vereinbart. Wenn die Parteien eine periodische Abrechnung vereinbart haben, wird der Verk\u00e4ufer dem K\u00e4ufer periodisch gem\u00e4\u00df der Vereinbarung zwischen den Parteien eine Rechnung ausstellen. Die Entstehung der Zahlungsverpflichtung ist das Datum der \u00dcbernahme der Ware im Lager des K\u00e4ufers oder das Datum der best\u00e4tigten Situation bzw. das Datum der Lieferung der geforderten Dokumentation \u00fcber die Qualit\u00e4t bzw. die Herkunft der Ware.   <\/p><p>Der K\u00e4ufer bezahlt die Ware auf der Grundlage der ausgestellten Rechnung des Verk\u00e4ufers, die dieser in \u00dcbereinstimmung mit der Bestellung bzw. einer besonderen Vereinbarung sowie in \u00dcbereinstimmung mit den geltenden Steuer- und sonstigen Gesetzen ausstellt. <\/p><p>Der Verk\u00e4ufer beh\u00e4lt sich das Eigentumsrecht an den gelieferten Produkten bis zur vollst\u00e4ndigen Bezahlung des Kaufpreises vor. Das vorbehaltene Eigentumsrecht geht nach der Verwendung des gelieferten Produkts des Verk\u00e4ufers auf das Produkt des K\u00e4ufers \u00fcber, bei dem das gelieferte Produkt des Verk\u00e4ufers verwendet wurde, wobei der Verk\u00e4ufer das Miteigentumsrecht an einem solchen Produkt erwirbt. <\/p><p><strong> <\/strong><\/p><p><strong>PREISE<\/strong><\/p><p>Der Verk\u00e4ufer legt die Preise mit einer Preisliste oder einem Angebot fest, sofern nicht durch einen Vertrag oder eine Vereinbarung etwas anderes bestimmt ist. Der Verk\u00e4ufer beh\u00e4lt sich das Recht vor, die Preise je nach den Marktbedingungen und den Rohstoffpreisen auf den internationalen M\u00e4rkten zu \u00e4ndern. Die neuen, ge\u00e4nderten Preise gelten ab dem Zeitpunkt, an dem der Verk\u00e4ufer den K\u00e4ufer \u00fcber die \u00c4nderung informiert.  <\/p><p><strong> <\/strong><\/p><p><strong>REKLAMATIONEN<\/strong><\/p><p>Der K\u00e4ufer ist verpflichtet, bei der Lieferung die gelieferte Ware mengenm\u00e4\u00dfig und qualitativ zu \u00fcberpr\u00fcfen und offensichtliche Fehler bzw. M\u00e4ngel auf dem Lieferschein anzugeben, den er bei der Lieferung der Ware vom Verk\u00e4ufer erh\u00e4lt.<\/p><p>Im Falle weniger offensichtlicher Qualit\u00e4tsm\u00e4ngel muss der K\u00e4ufer dem Verk\u00e4ufer innerhalb von f\u00fcnf Werktagen nach Erhalt der Ware ein Reklamationsprotokoll zukommen lassen.<\/p><p>Im Falle versteckter M\u00e4ngel muss der K\u00e4ufer dem Verk\u00e4ufer innerhalb von f\u00fcnf Werktagen nach Entdeckung des versteckten Mangels ein Reklamationsprotokoll zukommen lassen, jedoch nicht sp\u00e4ter als innerhalb von 6 Monaten nach Lieferung der Ware, die Gegenstand des versteckten Mangels ist.<\/p><p>Der Verk\u00e4ufer muss dem K\u00e4ufer die L\u00f6sung des Reklamationsprotokolls innerhalb von 8 Werktagen nach Erhalt des Reklamationsprotokolls mitteilen.<\/p><p><strong> <\/strong><\/p><p><strong>VERPACKUNG UND EMBALLAGE<\/strong><\/p><p>Der Verk\u00e4ufer liefert dem K\u00e4ufer Produkte, die in der \u00fcblichen Verpackung des Herstellers f\u00fcr die einzelnen Produkte verpackt sind, es sei denn, zwischen den Parteien ist etwas anderes vereinbart. Dabei muss eine solche Vereinbarung zwischen den Parteien in schriftlicher Form vorliegen. <\/p><p>Bei Folien und anderen Materialien, bei denen die Preise in EUR\/kg angegeben werden, sind diese als Bruttopreise festgelegt, was bedeutet, dass sie auch die H\u00fclse enthalten, auf die das verkaufte Produkt aufgewickelt ist.<\/p><p><strong> <\/strong><\/p><p><strong>QUALIT\u00c4TSGARANTIE<\/strong><\/p><p>Der Verk\u00e4ufer garantiert dem K\u00e4ufer, dass die gelieferte Ware mit der Bestellung \u00fcbereinstimmt und von angemessener Qualit\u00e4t in Bezug auf die Anforderungen des K\u00e4ufers ist. Der Verk\u00e4ufer gibt somit eine Garantie auf das einzelne Produkt gem\u00e4\u00df der Garantie des Herstellers dieses Produkts. <\/p><p> <\/p><p><strong>VERANTWORTUNG<\/strong><\/p><p>Der Verk\u00e4ufer haftet nur f\u00fcr M\u00e4ngel am gelieferten Produkt. In keinem Fall haftet der Verk\u00e4ufer jedoch f\u00fcr jegliche mittelbare oder unmittelbare Sch\u00e4den, insbesondere und nicht nur f\u00fcr entgangene Einnahmen, Einkommen oder Gewinne, jegliche andere Form von Verm\u00f6gens- und Nichtverm\u00f6genssch\u00e4den des K\u00e4ufers, die aus der Verwendung des gelieferten Produkts resultieren und durch einen Mangel des gelieferten Produkts bzw. eine Verz\u00f6gerung bei der Lieferung verursacht wurden. Die H\u00f6he der Haftung des Verk\u00e4ufers ist somit auf den Wert der gelieferten Ware begrenzt, die Gegenstand des einzelnen Schadensereignisses ist.  <\/p><p><strong> <\/strong><\/p><p><strong>STREITBEILEGUNG<\/strong><\/p><p>Der Verk\u00e4ufer und der K\u00e4ufer werden sich bem\u00fchen, alle gegenseitigen Streitigkeiten auf friedliche Weise beizulegen. Andernfalls werden die Parteien etwaige Streitigkeiten vor dem zust\u00e4ndigen Gericht in Ljubljana beilegen. Diese Allgemeinen Gesch\u00e4ftsbedingungen und jeder einzelne Kaufvertrag, der zwischen den Parteien auf der Grundlage der vorliegenden Allgemeinen Gesch\u00e4ftsbedingungen geschlossen wird, wird nach dem Recht der Republik Slowenien beurteilt.  <\/p>\t\t\t\t\t\t\t\t<\/div>\n\t\t\t\t<\/div>\n\t\t\t\t\t<\/div>\n\t\t\t\t<\/div>\n\t\t\t\t<\/div>\n\t\t","protected":false},"excerpt":{"rendered":"ALLGEMEINE GESCH\u00c4FTSBEDINGUNGEN DER FIRMA INTERCOMMERCE.SI, d.o.o. ALLGEMEINE BESTIMMUNGEN Die Allgemeinen Gesch\u00e4ftsbedingungen gelten f\u00fcr die Regelung aller gegenseitigen Beziehungen zwischen der Firma Intercommerce.Si, d.o.o. (im Folgenden Verk\u00e4ufer genannt) und ihren K\u00e4ufern, es sei denn, zwischen dem Verk\u00e4ufer und dem K\u00e4ufer (im Folgenden Parteien genannt) wird ausdr\u00fccklich und schriftlich etwas anderes vereinbart. Die vorliegenden Allgemeinen Gesch\u00e4ftsbedingungen sind&#8230; <a class=\"view-article\" href=\"https:\/\/intercommerce.si\/de\/allgemeine-geschaeftsbedingungen\/\">View Article<\/a>","protected":false},"author":1,"featured_media":0,"parent":0,"menu_order":0,"comment_status":"closed","ping_status":"closed","template":"","meta":{"_acf_changed":false,"inline_featured_image":false,"footnotes":""},"class_list":["post-7119","page","type-page","status-publish","hentry"],"acf":[],"_links":{"self":[{"href":"https:\/\/intercommerce.si\/de\/wp-json\/wp\/v2\/pages\/7119","targetHints":{"allow":["GET"]}}],"collection":[{"href":"https:\/\/intercommerce.si\/de\/wp-json\/wp\/v2\/pages"}],"about":[{"href":"https:\/\/intercommerce.si\/de\/wp-json\/wp\/v2\/types\/page"}],"author":[{"embeddable":true,"href":"https:\/\/intercommerce.si\/de\/wp-json\/wp\/v2\/users\/1"}],"replies":[{"embeddable":true,"href":"https:\/\/intercommerce.si\/de\/wp-json\/wp\/v2\/comments?post=7119"}],"version-history":[{"count":1,"href":"https:\/\/intercommerce.si\/de\/wp-json\/wp\/v2\/pages\/7119\/revisions"}],"predecessor-version":[{"id":7120,"href":"https:\/\/intercommerce.si\/de\/wp-json\/wp\/v2\/pages\/7119\/revisions\/7120"}],"wp:attachment":[{"href":"https:\/\/intercommerce.si\/de\/wp-json\/wp\/v2\/media?parent=7119"}],"curies":[{"name":"wp","href":"https:\/\/api.w.org\/{rel}","templated":true}]}}