{"id":7076,"date":"2023-05-15T08:31:18","date_gmt":"2023-05-15T06:31:18","guid":{"rendered":"https:\/\/intercommerce.si\/kontakt\/"},"modified":"2025-09-29T11:42:38","modified_gmt":"2025-09-29T09:42:38","slug":"kontakt","status":"publish","type":"page","link":"https:\/\/intercommerce.si\/de\/kontakt\/","title":{"rendered":"Kontakt"},"content":{"rendered":"\t\t<div data-elementor-type=\"wp-page\" data-elementor-id=\"7076\" class=\"elementor elementor-7076 elementor-213\" data-elementor-post-type=\"page\">\n\t\t\t\t<div class=\"elementor-element elementor-element-509d7b8 e-flex e-con-boxed e-con e-parent\" data-id=\"509d7b8\" data-element_type=\"container\">\n\t\t\t\t\t<div class=\"e-con-inner\">\n\t\t<div class=\"elementor-element elementor-element-3988001 e-con-full e-flex e-con e-child\" data-id=\"3988001\" data-element_type=\"container\">\n\t\t\t\t<div class=\"elementor-element elementor-element-ce1ba65 elementor-widget elementor-widget-text-editor\" data-id=\"ce1ba65\" data-element_type=\"widget\" data-widget_type=\"text-editor.default\">\n\t\t\t\t<div class=\"elementor-widget-container\">\n\t\t\t\t\t\t\t\t\t<h1>Kontakt<\/h1><p><strong>INTERCOMMERCE.SI, GmbH  <\/strong><br>Cesta v Gorice 34<br>1000 Ljubljana<\/p>\t\t\t\t\t\t\t\t<\/div>\n\t\t\t\t<\/div>\n\t\t\t\t<div class=\"elementor-element elementor-element-4e7c6fc elementor-position-left wtsf-icon-box elementor-view-default elementor-mobile-position-top elementor-widget elementor-widget-icon-box\" data-id=\"4e7c6fc\" data-element_type=\"widget\" data-widget_type=\"icon-box.default\">\n\t\t\t\t<div class=\"elementor-widget-container\">\n\t\t\t\t\t\t\t<div class=\"elementor-icon-box-wrapper\">\n\n\t\t\t\t\t\t<div class=\"elementor-icon-box-icon\">\n\t\t\t\t<a href=\"tel:+38615103180\" class=\"elementor-icon\" tabindex=\"-1\" aria-label=\"+386 1 510 31 80\">\n\t\t\t\t<svg xmlns=\"http:\/\/www.w3.org\/2000\/svg\" id=\"Layer_3\" height=\"512\" viewBox=\"0 0 32 32\" width=\"512\" data-name=\"Layer 3\"><path d=\"m30.035 22.6c-.082-.065-6.035-4.356-7.669-4.048-.78.138-1.226.67-2.121 1.735-.144.172-.49.584-.759.877a12.517 12.517 0 0 1 -1.651-.672 13.7 13.7 0 0 1 -6.321-6.321 12.458 12.458 0 0 1 -.672-1.651c.294-.27.706-.616.882-.764 1.06-.89 1.593-1.336 1.731-2.118.283-1.62-4.005-7.614-4.05-7.668a2.289 2.289 0 0 0 -1.705-.97c-1.738 0-6.7 6.437-6.7 7.521 0 .063.091 6.467 7.988 14.5 8.025 7.888 14.428 7.979 14.491 7.979 1.085 0 7.521-4.962 7.521-6.7a2.283 2.283 0 0 0 -.965-1.7z\"><\/path><\/svg>\t\t\t\t<\/a>\n\t\t\t<\/div>\n\t\t\t\n\t\t\t\t\t\t<div class=\"elementor-icon-box-content\">\n\n\t\t\t\t\t\t\t\t\t<div class=\"elementor-icon-box-title\">\n\t\t\t\t\t\t<a href=\"tel:+38615103180\" >\n\t\t\t\t\t\t\t+386 1 510 31 80\t\t\t\t\t\t<\/a>\n\t\t\t\t\t<\/div>\n\t\t\t\t\n\t\t\t\t\n\t\t\t<\/div>\n\t\t\t\n\t\t<\/div>\n\t\t\t\t\t\t<\/div>\n\t\t\t\t<\/div>\n\t\t\t\t<div class=\"elementor-element elementor-element-349d47c elementor-position-left wtsf-icon-box elementor-view-default elementor-mobile-position-top elementor-widget elementor-widget-icon-box\" data-id=\"349d47c\" data-element_type=\"widget\" data-widget_type=\"icon-box.default\">\n\t\t\t\t<div class=\"elementor-widget-container\">\n\t\t\t\t\t\t\t<div class=\"elementor-icon-box-wrapper\">\n\n\t\t\t\t\t\t<div class=\"elementor-icon-box-icon\">\n\t\t\t\t<a href=\"mailto:info@intercommerce.si\" class=\"elementor-icon\" tabindex=\"-1\" aria-label=\"info@intercommerce.si\">\n\t\t\t\t<svg xmlns=\"http:\/\/www.w3.org\/2000\/svg\" id=\"Layer_1\" height=\"512\" viewBox=\"0 0 512 512\" width=\"512\"><path clip-rule=\"evenodd\" d=\"m62.843 98.364 138.32 138.38c30.168 30.11 79.482 30.136 109.675 0l138.32-138.38c1.393-1.393 1.19-3.687-.426-4.814-14.108-9.839-31.273-15.672-49.763-15.672h-285.936c-18.491 0-35.656 5.834-49.764 15.672-1.616 1.127-1.819 3.421-.426 4.814zm-36.964 66.667c0-14.54 3.605-28.278 9.955-40.353.993-1.889 3.51-2.271 5.019-.762l136.569 136.569c43.247 43.31 113.885 43.335 157.158 0l136.569-136.569c1.509-1.509 4.026-1.127 5.019.762 6.349 12.075 9.955 25.814 9.955 40.353v181.937c0 48.093-39.121 87.154-87.154 87.154h-285.936c-48.032 0-87.154-39.061-87.154-87.154z\" fill-rule=\"evenodd\"><\/path><\/svg>\t\t\t\t<\/a>\n\t\t\t<\/div>\n\t\t\t\n\t\t\t\t\t\t<div class=\"elementor-icon-box-content\">\n\n\t\t\t\t\t\t\t\t\t<div class=\"elementor-icon-box-title\">\n\t\t\t\t\t\t<a href=\"mailto:info@intercommerce.si\" >\n\t\t\t\t\t\t\tinfo@intercommerce.si\t\t\t\t\t\t<\/a>\n\t\t\t\t\t<\/div>\n\t\t\t\t\n\t\t\t\t\n\t\t\t<\/div>\n\t\t\t\n\t\t<\/div>\n\t\t\t\t\t\t<\/div>\n\t\t\t\t<\/div>\n\t\t\t\t<div class=\"elementor-element elementor-element-49203ba elementor-widget elementor-widget-text-editor\" data-id=\"49203ba\" data-element_type=\"widget\" data-widget_type=\"text-editor.default\">\n\t\t\t\t<div class=\"elementor-widget-container\">\n\t\t\t\t\t\t\t\t\t<p><strong>Handelsregisternummer:<\/strong> 5419093000<br><strong>USt-IdNr. SI:<\/strong> 94292329<\/p><p><strong>Bankverbindung<\/strong><br>IBAN SI56 0292 4026 5198 382 (NLB AG)<br>IBAN SI56 0400 0027 7926 475 (OTP AG)<\/p>\t\t\t\t\t\t\t\t<\/div>\n\t\t\t\t<\/div>\n\t\t\t\t<\/div>\n\t\t<div class=\"elementor-element elementor-element-edd2c70 e-con-full e-flex e-con e-child\" data-id=\"edd2c70\" data-element_type=\"container\">\n\t\t\t\t<div class=\"elementor-element elementor-element-6e88e16 elementor-widget elementor-widget-image\" data-id=\"6e88e16\" data-element_type=\"widget\" data-widget_type=\"image.default\">\n\t\t\t\t<div class=\"elementor-widget-container\">\n\t\t\t\t\t\t\t\t\t\t\t\t\t\t\t<img fetchpriority=\"high\" decoding=\"async\" width=\"1011\" height=\"675\" src=\"https:\/\/intercommerce.si\/wp-content\/uploads\/2024\/06\/intercommerce-stavba.webp\" class=\"attachment-large size-large wp-image-4620\" alt=\"\" srcset=\"https:\/\/intercommerce.si\/wp-content\/uploads\/2024\/06\/intercommerce-stavba.webp 1011w, https:\/\/intercommerce.si\/wp-content\/uploads\/2024\/06\/intercommerce-stavba-740x494.webp 740w, https:\/\/intercommerce.si\/wp-content\/uploads\/2024\/06\/intercommerce-stavba-150x100.webp 150w, https:\/\/intercommerce.si\/wp-content\/uploads\/2024\/06\/intercommerce-stavba-768x513.webp 768w, https:\/\/intercommerce.si\/wp-content\/uploads\/2024\/06\/intercommerce-stavba-700x467.webp 700w\" sizes=\"(max-width: 1011px) 100vw, 1011px\" \/>\t\t\t\t\t\t\t\t\t\t\t\t\t\t\t<\/div>\n\t\t\t\t<\/div>\n\t\t\t\t<\/div>\n\t\t\t\t\t<\/div>\n\t\t\t\t<\/div>\n\t\t<div class=\"elementor-element elementor-element-1797e48 e-flex e-con-boxed e-con e-parent\" data-id=\"1797e48\" data-element_type=\"container\" data-settings=\"{&quot;background_background&quot;:&quot;classic&quot;}\">\n\t\t\t\t\t<div class=\"e-con-inner\">\n\t\t\t\t<div class=\"elementor-element elementor-element-5f7f000 elementor-widget elementor-widget-heading\" data-id=\"5f7f000\" data-element_type=\"widget\" data-widget_type=\"heading.default\">\n\t\t\t\t<div class=\"elementor-widget-container\">\n\t\t\t\t\t<h3 class=\"elementor-heading-title elementor-size-default\">Kontaktieren Sie uns<\/h3>\t\t\t\t<\/div>\n\t\t\t\t<\/div>\n\t\t\t\t<div class=\"elementor-element elementor-element-42f9554 wtsf-wpcf7-form elementor-widget elementor-widget-shortcode\" data-id=\"42f9554\" data-element_type=\"widget\" data-widget_type=\"shortcode.default\">\n\t\t\t\t<div class=\"elementor-widget-container\">\n\t\t\t\t\t\t\t<div class=\"elementor-shortcode\">\n<div class=\"wpcf7 no-js\" id=\"wpcf7-f5947-o1\" lang=\"de-DE\" dir=\"ltr\">\n<div class=\"screen-reader-response\"><p role=\"status\" aria-live=\"polite\" aria-atomic=\"true\"><\/p> <ul><\/ul><\/div>\n<form action=\"\/de\/wp-json\/wp\/v2\/pages\/7076#wpcf7-f5947-o1\" method=\"post\" class=\"wpcf7-form init\" aria-label=\"Kontaktformular\" novalidate=\"novalidate\" data-status=\"init\">\n<div style=\"display: none;\">\n<input type=\"hidden\" name=\"_wpcf7\" value=\"5947\" \/>\n<input type=\"hidden\" name=\"_wpcf7_version\" value=\"5.9.5\" \/>\n<input type=\"hidden\" name=\"_wpcf7_locale\" value=\"de_DE\" \/>\n<input type=\"hidden\" name=\"_wpcf7_unit_tag\" value=\"wpcf7-f5947-o1\" \/>\n<input type=\"hidden\" name=\"_wpcf7_container_post\" value=\"0\" \/>\n<input type=\"hidden\" name=\"_wpcf7_posted_data_hash\" value=\"\" \/>\n<\/div>\n<div class=\"intercommerce-contact-holder\">\n\t<div class=\"intercommerce-contact-column\">\n\t\t<p><span class=\"wpcf7-form-control-wrap\" data-name=\"your-company\"><input size=\"40\" class=\"wpcf7-form-control wpcf7-text\" aria-invalid=\"false\" placeholder=\"Unternehmen\" value=\"\" type=\"text\" name=\"your-company\" \/><\/span>\n\t\t<\/p>\n\t\t<p><span class=\"wpcf7-form-control-wrap\" data-name=\"your-name\"><input size=\"40\" class=\"wpcf7-form-control wpcf7-text wpcf7-validates-as-required\" aria-required=\"true\" aria-invalid=\"false\" placeholder=\"Name und Nachname *\" value=\"\" type=\"text\" name=\"your-name\" \/><\/span>\n\t\t<\/p>\n\t\t<p><span class=\"wpcf7-form-control-wrap\" data-name=\"your-city\"><input size=\"40\" class=\"wpcf7-form-control wpcf7-text wpcf7-validates-as-required\" aria-required=\"true\" aria-invalid=\"false\" placeholder=\"Postleitzahl und Ort *\" value=\"\" type=\"text\" name=\"your-city\" \/><\/span>\n\t\t<\/p>\n\t\t<p><span class=\"wpcf7-form-control-wrap\" data-name=\"your-email\"><input size=\"40\" class=\"wpcf7-form-control wpcf7-email wpcf7-validates-as-required wpcf7-text wpcf7-validates-as-email\" aria-required=\"true\" aria-invalid=\"false\" placeholder=\"E-Mail-Adresse *\" value=\"\" type=\"email\" name=\"your-email\" \/><\/span>\n\t\t<\/p>\n\t\t<p><span class=\"wpcf7-form-control-wrap\" data-name=\"your-phone\"><input size=\"40\" class=\"wpcf7-form-control wpcf7-text wpcf7-validates-as-required\" aria-required=\"true\" aria-invalid=\"false\" placeholder=\"Telefon *\" value=\"\" type=\"text\" name=\"your-phone\" \/><\/span>\n\t\t<\/p>\n\t\t<p><span class=\"wpcf7-form-control-wrap\" data-name=\"your-message\"><textarea cols=\"40\" rows=\"10\" class=\"wpcf7-form-control wpcf7-textarea\" aria-invalid=\"false\" placeholder=\"Nachricht *\" name=\"your-message\"><\/textarea><\/span>\n\t\t<\/p>\n\t\t<p><span id=\"wpcf7-69e202401d0f8-wrapper\" class=\"wpcf7-form-control-wrap email-pot999-wrap\" ><input type=\"hidden\" name=\"email-pot999-time-start\" value=\"1776419392\"><input type=\"hidden\" name=\"email-pot999-time-check\" value=\"5\"><input id=\"wpcf7-69e202401d0f8-field\"  class=\"wpcf7-form-control wpcf7-text\" type=\"text\" name=\"email-pot999\" value=\"\" size=\"40\" tabindex=\"-1\" autocomplete=\"new-password\" \/><\/span>\n\t\t<\/p>\n\t<\/div>\n\t<div class=\"intercommerce-contact-column\">\n\t\t<p>Wenn Sie Ihre pers\u00f6nlichen Daten in die Eingabefelder eingeben und auf die Schaltfl\u00e4che \u201eSENDEN\u201c klicken, speichert und verarbeitet INTERCOMMERCE.SI d.o.o. die eingegebenen Daten zum Zweck der Beantwortung Ihrer Nachricht. Weitere Informationen zur Verarbeitung personenbezogener Daten finden Sie unter dem Link <a class=\"cf7-link-color\" href=\"\/pravilnik-o-zasebnosti\/\" target=\"_blank\">Datenschutzrichtlinie<\/a><br \/>\n<span class=\"wpcf7-form-control-wrap\" data-name=\"StrinjamSeTrzenje\"><span class=\"wpcf7-form-control wpcf7-acceptance optional\"><span class=\"wpcf7-list-item\"><label><input type=\"checkbox\" name=\"StrinjamSeTrzenje\" value=\"1\" aria-invalid=\"false\" \/><span class=\"wpcf7-list-item-label\">Markieren Sie dieses Feld, wenn Sie damit einverstanden sind, dass INTERCOMMERCE.SI d.o.o. Ihnen gelegentlich E-Mails \u00fcber Produkte des Online-Shops an die angegebene E-Mail-Adresse senden darf. Sie k\u00f6nnen Ihre Einwilligung jederzeit \u00fcber den Link in jeder E-Mail oder durch Kontaktaufnahme mit uns widerrufen. Weitere Informationen zur Verarbeitung Ihrer personenbezogenen Daten finden Sie <a class=\"cf7-link-color\" href=\"\/pravilnik-o-zasebnosti\/\" target=\"_blank\">hier<\/a><\/span><\/label><\/span><\/span><\/span>\n\t\t<\/p>\n\t\t<p><input class=\"wpcf7-form-control wpcf7-submit has-spinner\" type=\"submit\" value=\"SENDEN\" \/>\n\t\t<\/p>\n\t\t<p>Wir verwenden Ihre Daten ausschlie\u00dflich f\u00fcr den Zweck, f\u00fcr den wir Ihre Einwilligung eingeholt haben. Wir behandeln Ihre pers\u00f6nlichen Daten vertraulich und geben sie nicht an Dritte weiter. Wir behandeln Ihre Privatsph\u00e4re in \u00dcbereinstimmung mit den Bestimmungen der DSGVO und dem Gesetz zum Schutz personenbezogener Daten.\n\t\t<\/p>\n\t\t<p>Sie k\u00f6nnen sich jederzeit vom Empfang von Nachrichten abmelden, indem Sie eine E-Mail an: info@intercommerce.si mit dem Betreff \u201eAbmelden\u201c senden. Nach Bearbeitung der Abmeldeanfrage wird INTERCOMMERCE.SI d.o.o. Ihnen keine Inhalte mehr zusenden, von denen Sie sich abgemeldet haben. Details zur Abmeldung, Verarbeitung und zum Schutz personenbezogener Daten finden Sie in den <a href=\"\/splosni-pogoji-poslovanja\/\">Allgemeinen Gesch\u00e4ftsbedingungen<\/a>.\n\t\t<\/p>\n\t<\/div>\n<\/div><div class=\"wpcf7-response-output\" aria-hidden=\"true\"><\/div>\n<\/form>\n<\/div>\n<\/div>\n\t\t\t\t\t\t<\/div>\n\t\t\t\t<\/div>\n\t\t\t\t\t<\/div>\n\t\t\t\t<\/div>\n\t\t<div class=\"elementor-element elementor-element-41d3a81 e-con-full e-flex e-con e-parent\" data-id=\"41d3a81\" data-element_type=\"container\">\n\t\t\t\t<div class=\"elementor-element elementor-element-6bb392a elementor-widget elementor-widget-google_maps\" data-id=\"6bb392a\" data-element_type=\"widget\" data-widget_type=\"google_maps.default\">\n\t\t\t\t<div class=\"elementor-widget-container\">\n\t\t\t\t\t\t\t<div class=\"elementor-custom-embed\">\n\t\t\t<iframe loading=\"lazy\"\n\t\t\t\t\tsrc=\"https:\/\/maps.google.com\/maps?q=intercommerce&#038;t=m&#038;z=16&#038;output=embed&#038;iwloc=near\"\n\t\t\t\t\ttitle=\"intercommerce\"\n\t\t\t\t\taria-label=\"intercommerce\"\n\t\t\t><\/iframe>\n\t\t<\/div>\n\t\t\t\t\t\t<\/div>\n\t\t\t\t<\/div>\n\t\t\t\t<\/div>\n\t\t\t\t<\/div>\n\t\t","protected":false},"excerpt":{"rendered":"Kontakt INTERCOMMERCE.SI, GmbH Cesta v Gorice 341000 Ljubljana +386 1 510 31 80 info@intercommerce.si Handelsregisternummer: 5419093000USt-IdNr. SI: 94292329 BankverbindungIBAN SI56 0292 4026 5198 382 (NLB AG)IBAN SI56 0400 0027 7926 475 (OTP AG) Kontaktieren Sie uns","protected":false},"author":1,"featured_media":0,"parent":0,"menu_order":0,"comment_status":"closed","ping_status":"closed","template":"","meta":{"_acf_changed":false,"inline_featured_image":false,"footnotes":""},"class_list":["post-7076","page","type-page","status-publish","hentry"],"acf":[],"_links":{"self":[{"href":"https:\/\/intercommerce.si\/de\/wp-json\/wp\/v2\/pages\/7076","targetHints":{"allow":["GET"]}}],"collection":[{"href":"https:\/\/intercommerce.si\/de\/wp-json\/wp\/v2\/pages"}],"about":[{"href":"https:\/\/intercommerce.si\/de\/wp-json\/wp\/v2\/types\/page"}],"author":[{"embeddable":true,"href":"https:\/\/intercommerce.si\/de\/wp-json\/wp\/v2\/users\/1"}],"replies":[{"embeddable":true,"href":"https:\/\/intercommerce.si\/de\/wp-json\/wp\/v2\/comments?post=7076"}],"version-history":[{"count":1,"href":"https:\/\/intercommerce.si\/de\/wp-json\/wp\/v2\/pages\/7076\/revisions"}],"predecessor-version":[{"id":7077,"href":"https:\/\/intercommerce.si\/de\/wp-json\/wp\/v2\/pages\/7076\/revisions\/7077"}],"wp:attachment":[{"href":"https:\/\/intercommerce.si\/de\/wp-json\/wp\/v2\/media?parent=7076"}],"curies":[{"name":"wp","href":"https:\/\/api.w.org\/{rel}","templated":true}]}}